{"id":111,"date":"2026-02-07T22:45:50","date_gmt":"2026-02-07T22:45:50","guid":{"rendered":"https:\/\/new.yachtalbania.com\/?page_id=111"},"modified":"2026-03-31T12:43:25","modified_gmt":"2026-03-31T12:43:25","slug":"about-us","status":"publish","type":"page","link":"https:\/\/new.yachtalbania.com\/al\/about-us\/","title":{"rendered":"Rreth Nesh"},"content":{"rendered":"<div data-elementor-type=\"wp-page\" data-elementor-id=\"111\" class=\"elementor elementor-111\" data-elementor-post-type=\"page\">\n\t\t\t\t<div class=\"elementor-element elementor-element-b6670b8 e-flex e-con-boxed e-con e-parent\" data-id=\"b6670b8\" data-element_type=\"container\" data-e-type=\"container\">\n\t\t\t\t\t<div class=\"e-con-inner\">\n\t\t\t\t<div class=\"elementor-element elementor-element-ce0ad1c elementor-widget elementor-widget-heading\" data-id=\"ce0ad1c\" data-element_type=\"widget\" data-e-type=\"widget\" data-widget_type=\"heading.default\">\n\t\t\t\t\t<h6 class=\"elementor-heading-title elementor-size-default\">Rreth Nesh<\/h6>\t\t\t\t<\/div>\n\t\t\t\t<div class=\"elementor-element elementor-element-322b38d elementor-widget elementor-widget-heading\" data-id=\"322b38d\" data-element_type=\"widget\" data-e-type=\"widget\" data-widget_type=\"heading.default\">\n\t\t\t\t\t<h2 class=\"elementor-heading-title elementor-size-default\">Stili i Jet\u00ebs q\u00eb Meritoni<\/h2>\t\t\t\t<\/div>\n\t\t\t\t<div class=\"elementor-element elementor-element-9f50b04 elementor-widget elementor-widget-text-editor\" data-id=\"9f50b04\" data-element_type=\"widget\" data-e-type=\"widget\" data-widget_type=\"text-editor.default\">\n\t\t\t\t\t\t\t\t\t<section class=\"elementor-section elementor-top-section elementor-element elementor-element-6d18a9d elementor-section-content-top elementor-section-boxed elementor-section-height-default elementor-section-height-default\" data-id=\"6d18a9d\" data-element_type=\"section\"><div class=\"elementor-container elementor-column-gap-extended\"><div class=\"elementor-column elementor-col-100 elementor-top-column elementor-element elementor-element-a88ad33\" data-id=\"a88ad33\" data-element_type=\"column\"><div class=\"elementor-widget-wrap elementor-element-populated\"><div class=\"elementor-element elementor-element-be54746 elementor-widget elementor-widget-text-editor\" data-id=\"be54746\" data-element_type=\"widget\" data-widget_type=\"text-editor.default\"><div class=\"elementor-widget-container\"><div class=\"elementor-element elementor-element-c82e5ce elementor-widget elementor-widget-text-editor\" data-id=\"c82e5ce\" data-element_type=\"widget\" data-widget_type=\"text-editor.default\"><div class=\"elementor-widget-container\"><p class=\"p1\"><span class=\"s1\">Mir\u00eb se vini n\u00eb\u00a0<b>Jahti Albania<\/b><\/span>, nj\u00eb kompani kryesore e qiras\u00eb s\u00eb jahteve me seli n\u00eb Shqip\u00ebri.\u00a0<span class=\"s1\">Themeluar me nj\u00eb mision<\/span>\u00a0t\u00eb ofroj\u00eb udh\u00ebtime t\u00eb personalizuara me jaht q\u00eb krijojn\u00eb kujtime t\u00eb paharrueshme, nd\u00ebrkoh\u00eb q\u00eb me krenari e pozicionon Shqip\u00ebrin\u00eb si nj\u00eb destinacion q\u00eb duhet vizituar patjet\u00ebr n\u00eb hart\u00ebn globale.<\/p><p class=\"p1\"><span class=\"s1\">Q\u00ebllimi yn\u00eb<\/span>\u00a0\u00ebsht\u00eb t&#039;ju japim stilin e jet\u00ebs q\u00eb meritoni, me anije cil\u00ebsore, sh\u00ebrbim t\u00eb personalizuar dhe itinerare mahnit\u00ebse. Pavar\u00ebsisht n\u00ebse planifikoni nj\u00eb aventur\u00eb familjare, nj\u00eb arratisje romantike apo nj\u00eb t\u00ebrheqje t\u00eb korporat\u00ebs, ne jemi k\u00ebtu p\u00ebr ta kthyer udh\u00ebtimin tuaj t\u00eb \u00ebndrrave n\u00eb realitet.<\/p><p class=\"p1\">Ne besojm\u00eb se t\u00eb gjith\u00eb meritojn\u00eb t\u00eb p\u00ebrjetojn\u00eb m\u00eb t\u00eb mir\u00ebn e detit. Kjo \u00ebsht\u00eb arsyeja pse flota jon\u00eb p\u00ebrfshin nj\u00eb gam\u00eb t\u00eb larmishme anijesh, q\u00eb i p\u00ebrshtaten \u00e7do stili, madh\u00ebsie grupi dhe rasti.<\/p><div class=\"elementor-element elementor-element-c82e5ce elementor-widget elementor-widget-text-editor\" data-id=\"c82e5ce\" data-element_type=\"widget\" data-widget_type=\"text-editor.default\"><div class=\"elementor-widget-container\"><p>Flota jon\u00eb p\u00ebrfshin:<\/p><ul><li><b>Jahte luksoze<\/b><\/li><li><b>Varka me vela<\/b><\/li><li><b>Jahte me motor<\/b><\/li><li><b>Gulete<\/b><\/li><li><b>Varka me shpejt\u00ebsi<\/b><\/li><li><b>Katamaran\u00ebt<\/b><\/li><\/ul><p>\u00c7do anije n\u00eb flot\u00ebn ton\u00eb p\u00ebrmbush standarde t\u00eb larta p\u00ebr t\u00eb siguruar nj\u00eb p\u00ebrvoj\u00eb t\u00eb sigurt, t\u00eb rehatshme dhe t\u00eb k\u00ebndshme, qoft\u00eb duke lundruar p\u00ebrgjat\u00eb vij\u00ebs bregdetare mahnit\u00ebse t\u00eb Shqip\u00ebris\u00eb apo duke eksploruar destinacione t\u00eb af\u00ebrta.<\/p><p><b>Ekspertiz\u00eb Vendore, Shtrirje Globale<\/b><b><br \/><\/b><br \/>Si vendas, ne e njohim vij\u00ebn bregdetare t\u00eb Shqip\u00ebris\u00eb m\u00eb mir\u00eb se kushdo tjet\u00ebr. Ekuipazhi yn\u00eb me p\u00ebrvoj\u00eb \u00ebsht\u00eb k\u00ebtu p\u00ebr t\u00eb ofruar k\u00ebshilla nga brenda dhe p\u00ebrvoja t\u00eb pasura kulturore. Por kjo nuk \u00ebsht\u00eb e gjitha,\u00a0<b>Jahti Albania<\/b>\u00a0ka zgjeruar operacionet e saj n\u00eb vende si Greqia, Mali i Zi, Kroacia dhe Italia, k\u00ebshtu q\u00eb pavar\u00ebsisht se ku doni t\u00eb shkoni, ne jemi k\u00ebtu p\u00ebr ju.<br \/><br \/><b>Udh\u00ebtimi juaj fillon\u00a0<a href=\"https:\/\/yachtalbania.com\/contact-us\/\">k\u00ebtu<\/a>.<\/b><\/p><\/div><\/div><\/div><\/div><\/div><\/div><\/div><\/div><\/div><\/section>\t\t\t\t\t\t\t\t<\/div>\n\t\t\t\t\t<\/div>\n\t\t\t\t<\/div>\n\t\t\t\t<\/div>","protected":false},"excerpt":{"rendered":"<p>About Us The Lifestyle You Deserve Welcome to\u00a0Yacht Albania, a leading yacht charter company based in Albania.\u00a0Founded with a mission\u00a0to provide personalized yacht trips that create lasting memories, while proudly positioning Albania as a must-visit destination on the global map. Our goal\u00a0is to give you the lifestyle you deserve, with quality boats, bespoke service, and [&hellip;]<\/p>\n","protected":false},"author":1,"featured_media":0,"parent":0,"menu_order":0,"comment_status":"closed","ping_status":"closed","template":"","meta":{"_acf_changed":false,"footnotes":""},"class_list":["post-111","page","type-page","status-publish","hentry"],"acf":[],"yoast_head":"<!-- This site is optimized with the Yoast SEO plugin v27.3 - https:\/\/yoast.com\/product\/yoast-seo-wordpress\/ -->\n<title>About Us - Yacht Albania<\/title>\n<meta name=\"robots\" content=\"index, follow, max-snippet:-1, max-image-preview:large, max-video-preview:-1\" \/>\n<link rel=\"canonical\" href=\"https:\/\/new.yachtalbania.com\/al\/about-us\/\" \/>\n<meta property=\"og:locale\" content=\"sq_AL\" \/>\n<meta property=\"og:type\" content=\"article\" \/>\n<meta property=\"og:title\" content=\"About Us - Yacht Albania\" \/>\n<meta property=\"og:description\" content=\"About Us The Lifestyle You Deserve Welcome to\u00a0Yacht Albania, a leading yacht charter company based in Albania.\u00a0Founded with a mission\u00a0to provide personalized yacht trips that create lasting memories, while proudly positioning Albania as a must-visit destination on the global map. Our goal\u00a0is to give you the lifestyle you deserve, with quality boats, bespoke service, and [&hellip;]\" \/>\n<meta property=\"og:url\" content=\"https:\/\/new.yachtalbania.com\/al\/about-us\/\" \/>\n<meta property=\"og:site_name\" content=\"Yacht Albania\" \/>\n<meta property=\"article:modified_time\" content=\"2026-03-31T12:43:25+00:00\" \/>\n<meta name=\"twitter:card\" content=\"summary_large_image\" \/>\n<meta name=\"twitter:label1\" content=\"Est. reading time\" \/>\n\t<meta name=\"twitter:data1\" content=\"3 minuta\" \/>\n<script type=\"application\/ld+json\" class=\"yoast-schema-graph\">{\"@context\":\"https:\\\/\\\/schema.org\",\"@graph\":[{\"@type\":\"WebPage\",\"@id\":\"https:\\\/\\\/new.yachtalbania.com\\\/about-us\\\/\",\"url\":\"https:\\\/\\\/new.yachtalbania.com\\\/about-us\\\/\",\"name\":\"About Us - Yacht Albania\",\"isPartOf\":{\"@id\":\"https:\\\/\\\/new.yachtalbania.com\\\/#website\"},\"datePublished\":\"2026-02-07T22:45:50+00:00\",\"dateModified\":\"2026-03-31T12:43:25+00:00\",\"breadcrumb\":{\"@id\":\"https:\\\/\\\/new.yachtalbania.com\\\/about-us\\\/#breadcrumb\"},\"inLanguage\":\"sq\",\"potentialAction\":[{\"@type\":\"ReadAction\",\"target\":[\"https:\\\/\\\/new.yachtalbania.com\\\/about-us\\\/\"]}]},{\"@type\":\"BreadcrumbList\",\"@id\":\"https:\\\/\\\/new.yachtalbania.com\\\/about-us\\\/#breadcrumb\",\"itemListElement\":[{\"@type\":\"ListItem\",\"position\":1,\"name\":\"Home\",\"item\":\"https:\\\/\\\/new.yachtalbania.com\\\/\"},{\"@type\":\"ListItem\",\"position\":2,\"name\":\"About Us\"}]},{\"@type\":\"WebSite\",\"@id\":\"https:\\\/\\\/new.yachtalbania.com\\\/#website\",\"url\":\"https:\\\/\\\/new.yachtalbania.com\\\/\",\"name\":\"Yacht Albania\",\"description\":\"Welcome Aboard | Charter &amp; Sale\",\"potentialAction\":[{\"@type\":\"SearchAction\",\"target\":{\"@type\":\"EntryPoint\",\"urlTemplate\":\"https:\\\/\\\/new.yachtalbania.com\\\/?s={search_term_string}\"},\"query-input\":{\"@type\":\"PropertyValueSpecification\",\"valueRequired\":true,\"valueName\":\"search_term_string\"}}],\"inLanguage\":\"sq\"}]}<\/script>\n<!-- \/ Yoast SEO plugin. -->","yoast_head_json":{"title":"About Us - Yacht Albania","robots":{"index":"index","follow":"follow","max-snippet":"max-snippet:-1","max-image-preview":"max-image-preview:large","max-video-preview":"max-video-preview:-1"},"canonical":"https:\/\/new.yachtalbania.com\/al\/about-us\/","og_locale":"sq_AL","og_type":"article","og_title":"About Us - Yacht Albania","og_description":"About Us The Lifestyle You Deserve Welcome to\u00a0Yacht Albania, a leading yacht charter company based in Albania.\u00a0Founded with a mission\u00a0to provide personalized yacht trips that create lasting memories, while proudly positioning Albania as a must-visit destination on the global map. Our goal\u00a0is to give you the lifestyle you deserve, with quality boats, bespoke service, and [&hellip;]","og_url":"https:\/\/new.yachtalbania.com\/al\/about-us\/","og_site_name":"Yacht Albania","article_modified_time":"2026-03-31T12:43:25+00:00","twitter_card":"summary_large_image","twitter_misc":{"Est. reading time":"3 minuta"},"schema":{"@context":"https:\/\/schema.org","@graph":[{"@type":"WebPage","@id":"https:\/\/new.yachtalbania.com\/about-us\/","url":"https:\/\/new.yachtalbania.com\/about-us\/","name":"About Us - Yacht Albania","isPartOf":{"@id":"https:\/\/new.yachtalbania.com\/#website"},"datePublished":"2026-02-07T22:45:50+00:00","dateModified":"2026-03-31T12:43:25+00:00","breadcrumb":{"@id":"https:\/\/new.yachtalbania.com\/about-us\/#breadcrumb"},"inLanguage":"sq","potentialAction":[{"@type":"ReadAction","target":["https:\/\/new.yachtalbania.com\/about-us\/"]}]},{"@type":"BreadcrumbList","@id":"https:\/\/new.yachtalbania.com\/about-us\/#breadcrumb","itemListElement":[{"@type":"ListItem","position":1,"name":"Home","item":"https:\/\/new.yachtalbania.com\/"},{"@type":"ListItem","position":2,"name":"About Us"}]},{"@type":"WebSite","@id":"https:\/\/new.yachtalbania.com\/#website","url":"https:\/\/new.yachtalbania.com\/","name":"Jahti Albania","description":"Welcome Aboard | Charter &amp; Sale","potentialAction":[{"@type":"SearchAction","target":{"@type":"EntryPoint","urlTemplate":"https:\/\/new.yachtalbania.com\/?s={search_term_string}"},"query-input":{"@type":"PropertyValueSpecification","valueRequired":true,"valueName":"search_term_string"}}],"inLanguage":"sq"}]}},"_links":{"self":[{"href":"https:\/\/new.yachtalbania.com\/al\/wp-json\/wp\/v2\/pages\/111","targetHints":{"allow":["GET"]}}],"collection":[{"href":"https:\/\/new.yachtalbania.com\/al\/wp-json\/wp\/v2\/pages"}],"about":[{"href":"https:\/\/new.yachtalbania.com\/al\/wp-json\/wp\/v2\/types\/page"}],"author":[{"embeddable":true,"href":"https:\/\/new.yachtalbania.com\/al\/wp-json\/wp\/v2\/users\/1"}],"replies":[{"embeddable":true,"href":"https:\/\/new.yachtalbania.com\/al\/wp-json\/wp\/v2\/comments?post=111"}],"version-history":[{"count":19,"href":"https:\/\/new.yachtalbania.com\/al\/wp-json\/wp\/v2\/pages\/111\/revisions"}],"predecessor-version":[{"id":6318,"href":"https:\/\/new.yachtalbania.com\/al\/wp-json\/wp\/v2\/pages\/111\/revisions\/6318"}],"wp:attachment":[{"href":"https:\/\/new.yachtalbania.com\/al\/wp-json\/wp\/v2\/media?parent=111"}],"curies":[{"name":"wp","href":"https:\/\/api.w.org\/{rel}","templated":true}]}}